{"id":562,"date":"2019-12-25T16:12:30","date_gmt":"2019-12-25T15:12:30","guid":{"rendered":"http:\/\/www.hjortehaven.dk\/?page_id=562"},"modified":"2019-12-25T17:01:55","modified_gmt":"2019-12-25T16:01:55","slug":"planteprojektet-1","status":"publish","type":"page","link":"https:\/\/www.hjortehaven.dk\/?page_id=562","title":{"rendered":"Planteprojektet"},"content":{"rendered":"\n<p>I november 2019 fik vi sat 200 nye planter \u2013 sammen med 1500 krokus i forskellige farver . Denne genbeplantning \u201daf rosenomr\u00e5derne\u201d var en beslutning fra sidste generalforsamling, hvor der ogs\u00e5 blev nedsat et lille udvalg, der skulle f\u00f8re projektet til d\u00f8rs.<\/p>\n\n\n\n<p>Under kyndig vejledning af gartner og grundejermedlem Bjarne Hansen fik vi valgt de rette planter i henhold til jordbundforhold \u2013 biodiversitet \u2013 sol\/skygge og farver og oplevelser Og s\u00e5 skulle planterne jo i jorden. Bjarne fik arrangeret et uddannelsesforl\u00f8b for 90 elever, som m\u00f8dte op i tre hold her p\u00e5 f\u00e6lles-arealet over tre dage og h\u00e5ndgravede de mange planter. Hele den valgte flora blev s\u00e5 ogs\u00e5 til teoretisk stof for eleverne, som udover planternes egenskaber ogs\u00e5 skal kende de botaniske navne.<\/p>\n\n\n\n<p><\/p>\n\n\n\n<figure class=\"wp-container-2 wp-block-gallery-1 wp-block-gallery columns-3 is-cropped\"><ul class=\"blocks-gallery-grid\"><li class=\"blocks-gallery-item\"><figure><img loading=\"lazy\" width=\"644\" height=\"363\" src=\"http:\/\/www.hjortehaven.dk\/wordpress\/wp-content\/uploads\/P1010820-1-644x363.jpg\" alt=\"\" data-id=\"578\" data-full-url=\"http:\/\/www.hjortehaven.dk\/wordpress\/wp-content\/uploads\/P1010820-1-scaled.jpg\" data-link=\"http:\/\/www.hjortehaven.dk\/?attachment_id=578\" class=\"wp-image-578\" srcset=\"https:\/\/www.hjortehaven.dk\/wordpress\/wp-content\/uploads\/P1010820-1-644x363.jpg 644w, https:\/\/www.hjortehaven.dk\/wordpress\/wp-content\/uploads\/P1010820-1-300x169.jpg 300w, https:\/\/www.hjortehaven.dk\/wordpress\/wp-content\/uploads\/P1010820-1-1536x865.jpg 1536w, https:\/\/www.hjortehaven.dk\/wordpress\/wp-content\/uploads\/P1010820-1-2048x1153.jpg 2048w\" sizes=\"(max-width: 644px) 100vw, 644px\" \/><\/figure><\/li><li class=\"blocks-gallery-item\"><figure><img loading=\"lazy\" width=\"644\" height=\"363\" src=\"http:\/\/www.hjortehaven.dk\/wordpress\/wp-content\/uploads\/P1010819-1-644x363.jpg\" alt=\"\" data-id=\"577\" data-full-url=\"http:\/\/www.hjortehaven.dk\/wordpress\/wp-content\/uploads\/P1010819-1-scaled.jpg\" data-link=\"http:\/\/www.hjortehaven.dk\/?attachment_id=577\" class=\"wp-image-577\" srcset=\"https:\/\/www.hjortehaven.dk\/wordpress\/wp-content\/uploads\/P1010819-1-644x363.jpg 644w, https:\/\/www.hjortehaven.dk\/wordpress\/wp-content\/uploads\/P1010819-1-300x169.jpg 300w, https:\/\/www.hjortehaven.dk\/wordpress\/wp-content\/uploads\/P1010819-1-1536x865.jpg 1536w, https:\/\/www.hjortehaven.dk\/wordpress\/wp-content\/uploads\/P1010819-1-2048x1153.jpg 2048w\" sizes=\"(max-width: 644px) 100vw, 644px\" \/><\/figure><\/li><li class=\"blocks-gallery-item\"><figure><img loading=\"lazy\" width=\"644\" height=\"363\" src=\"http:\/\/www.hjortehaven.dk\/wordpress\/wp-content\/uploads\/P1010818-1-644x363.jpg\" alt=\"\" data-id=\"576\" data-full-url=\"http:\/\/www.hjortehaven.dk\/wordpress\/wp-content\/uploads\/P1010818-1-scaled.jpg\" data-link=\"http:\/\/www.hjortehaven.dk\/?attachment_id=576\" class=\"wp-image-576\" srcset=\"https:\/\/www.hjortehaven.dk\/wordpress\/wp-content\/uploads\/P1010818-1-644x363.jpg 644w, https:\/\/www.hjortehaven.dk\/wordpress\/wp-content\/uploads\/P1010818-1-300x169.jpg 300w, https:\/\/www.hjortehaven.dk\/wordpress\/wp-content\/uploads\/P1010818-1-1536x865.jpg 1536w, https:\/\/www.hjortehaven.dk\/wordpress\/wp-content\/uploads\/P1010818-1-2048x1153.jpg 2048w\" sizes=\"(max-width: 644px) 100vw, 644px\" \/><\/figure><\/li><li class=\"blocks-gallery-item\"><figure><img loading=\"lazy\" width=\"644\" height=\"483\" src=\"http:\/\/www.hjortehaven.dk\/wordpress\/wp-content\/uploads\/lastbil-644x483.jpeg\" alt=\"\" data-id=\"484\" data-full-url=\"http:\/\/www.hjortehaven.dk\/wordpress\/wp-content\/uploads\/lastbil.jpeg\" data-link=\"http:\/\/www.hjortehaven.dk\/?attachment_id=484\" class=\"wp-image-484\" srcset=\"https:\/\/www.hjortehaven.dk\/wordpress\/wp-content\/uploads\/lastbil-644x483.jpeg 644w, https:\/\/www.hjortehaven.dk\/wordpress\/wp-content\/uploads\/lastbil-300x225.jpeg 300w, https:\/\/www.hjortehaven.dk\/wordpress\/wp-content\/uploads\/lastbil.jpeg 960w\" sizes=\"(max-width: 644px) 100vw, 644px\" \/><figcaption class=\"blocks-gallery-item__caption\">Planter ankommer<\/figcaption><\/figure><\/li><li class=\"blocks-gallery-item\"><figure><img loading=\"lazy\" width=\"599\" height=\"800\" src=\"http:\/\/www.hjortehaven.dk\/wordpress\/wp-content\/uploads\/2-grillere-1.jpeg\" alt=\"\" data-id=\"471\" data-full-url=\"http:\/\/www.hjortehaven.dk\/wordpress\/wp-content\/uploads\/2-grillere-1.jpeg\" data-link=\"http:\/\/www.hjortehaven.dk\/?attachment_id=471\" class=\"wp-image-471\" srcset=\"https:\/\/www.hjortehaven.dk\/wordpress\/wp-content\/uploads\/2-grillere-1.jpeg 599w, https:\/\/www.hjortehaven.dk\/wordpress\/wp-content\/uploads\/2-grillere-1-225x300.jpeg 225w\" sizes=\"(max-width: 599px) 100vw, 599px\" \/><figcaption class=\"blocks-gallery-item__caption\">Grillmestrene Ken og Per i fuld sving<\/figcaption><\/figure><\/li><li class=\"blocks-gallery-item\"><figure><img loading=\"lazy\" width=\"480\" height=\"640\" src=\"http:\/\/www.hjortehaven.dk\/wordpress\/wp-content\/uploads\/plankev\u00e6rket-rotated.jpg\" alt=\"\" data-id=\"488\" data-full-url=\"http:\/\/www.hjortehaven.dk\/wordpress\/wp-content\/uploads\/plankev\u00e6rket-rotated.jpg\" data-link=\"http:\/\/www.hjortehaven.dk\/?attachment_id=488\" class=\"wp-image-488\" srcset=\"https:\/\/www.hjortehaven.dk\/wordpress\/wp-content\/uploads\/plankev\u00e6rket-rotated.jpg 480w, https:\/\/www.hjortehaven.dk\/wordpress\/wp-content\/uploads\/plankev\u00e6rket-225x300.jpg 225w\" sizes=\"(max-width: 480px) 100vw, 480px\" \/><\/figure><\/li><li class=\"blocks-gallery-item\"><figure><img loading=\"lazy\" width=\"480\" height=\"640\" src=\"http:\/\/www.hjortehaven.dk\/wordpress\/wp-content\/uploads\/over-for-taks-rotated.jpg\" alt=\"\" data-id=\"487\" data-full-url=\"http:\/\/www.hjortehaven.dk\/wordpress\/wp-content\/uploads\/over-for-taks-rotated.jpg\" data-link=\"http:\/\/www.hjortehaven.dk\/?attachment_id=487\" class=\"wp-image-487\" srcset=\"https:\/\/www.hjortehaven.dk\/wordpress\/wp-content\/uploads\/over-for-taks-rotated.jpg 480w, https:\/\/www.hjortehaven.dk\/wordpress\/wp-content\/uploads\/over-for-taks-225x300.jpg 225w\" sizes=\"(max-width: 480px) 100vw, 480px\" \/><\/figure><\/li><li class=\"blocks-gallery-item\"><figure><img loading=\"lazy\" width=\"480\" height=\"640\" src=\"http:\/\/www.hjortehaven.dk\/wordpress\/wp-content\/uploads\/over-for-spirea-rotated.jpg\" alt=\"\" data-id=\"486\" data-full-url=\"http:\/\/www.hjortehaven.dk\/wordpress\/wp-content\/uploads\/over-for-spirea-rotated.jpg\" data-link=\"http:\/\/www.hjortehaven.dk\/?attachment_id=486\" class=\"wp-image-486\" srcset=\"https:\/\/www.hjortehaven.dk\/wordpress\/wp-content\/uploads\/over-for-spirea-rotated.jpg 480w, https:\/\/www.hjortehaven.dk\/wordpress\/wp-content\/uploads\/over-for-spirea-225x300.jpg 225w\" sizes=\"(max-width: 480px) 100vw, 480px\" \/><\/figure><\/li><li class=\"blocks-gallery-item\"><figure><img loading=\"lazy\" width=\"480\" height=\"640\" src=\"http:\/\/www.hjortehaven.dk\/wordpress\/wp-content\/uploads\/ved-stig--rotated.jpg\" alt=\"\" data-id=\"496\" data-full-url=\"http:\/\/www.hjortehaven.dk\/wordpress\/wp-content\/uploads\/ved-stig--rotated.jpg\" data-link=\"http:\/\/www.hjortehaven.dk\/?attachment_id=496\" class=\"wp-image-496\" srcset=\"https:\/\/www.hjortehaven.dk\/wordpress\/wp-content\/uploads\/ved-stig--rotated.jpg 480w, https:\/\/www.hjortehaven.dk\/wordpress\/wp-content\/uploads\/ved-stig--225x300.jpg 225w\" sizes=\"(max-width: 480px) 100vw, 480px\" \/><\/figure><\/li><li class=\"blocks-gallery-item\"><figure><img loading=\"lazy\" width=\"480\" height=\"640\" src=\"http:\/\/www.hjortehaven.dk\/wordpress\/wp-content\/uploads\/ved-legepladsen-rotated.jpg\" alt=\"\" data-id=\"495\" data-full-url=\"http:\/\/www.hjortehaven.dk\/wordpress\/wp-content\/uploads\/ved-legepladsen-rotated.jpg\" data-link=\"http:\/\/www.hjortehaven.dk\/?attachment_id=495\" class=\"wp-image-495\" srcset=\"https:\/\/www.hjortehaven.dk\/wordpress\/wp-content\/uploads\/ved-legepladsen-rotated.jpg 480w, https:\/\/www.hjortehaven.dk\/wordpress\/wp-content\/uploads\/ved-legepladsen-225x300.jpg 225w\" sizes=\"(max-width: 480px) 100vw, 480px\" \/><\/figure><\/li><li class=\"blocks-gallery-item\"><figure><img loading=\"lazy\" width=\"480\" height=\"640\" src=\"http:\/\/www.hjortehaven.dk\/wordpress\/wp-content\/uploads\/ved-legepladsen-nedefra-og-op-rotated.jpg\" alt=\"\" data-id=\"494\" data-full-url=\"http:\/\/www.hjortehaven.dk\/wordpress\/wp-content\/uploads\/ved-legepladsen-nedefra-og-op-rotated.jpg\" data-link=\"http:\/\/www.hjortehaven.dk\/?attachment_id=494\" class=\"wp-image-494\" srcset=\"https:\/\/www.hjortehaven.dk\/wordpress\/wp-content\/uploads\/ved-legepladsen-nedefra-og-op-rotated.jpg 480w, https:\/\/www.hjortehaven.dk\/wordpress\/wp-content\/uploads\/ved-legepladsen-nedefra-og-op-225x300.jpg 225w\" sizes=\"(max-width: 480px) 100vw, 480px\" \/><\/figure><\/li><li class=\"blocks-gallery-item\"><figure><img loading=\"lazy\" width=\"480\" height=\"640\" src=\"http:\/\/www.hjortehaven.dk\/wordpress\/wp-content\/uploads\/Taks-rotated.jpg\" alt=\"\" data-id=\"493\" data-full-url=\"http:\/\/www.hjortehaven.dk\/wordpress\/wp-content\/uploads\/Taks-rotated.jpg\" data-link=\"http:\/\/www.hjortehaven.dk\/?attachment_id=493\" class=\"wp-image-493\" srcset=\"https:\/\/www.hjortehaven.dk\/wordpress\/wp-content\/uploads\/Taks-rotated.jpg 480w, https:\/\/www.hjortehaven.dk\/wordpress\/wp-content\/uploads\/Taks-225x300.jpg 225w\" sizes=\"(max-width: 480px) 100vw, 480px\" \/><\/figure><\/li><li class=\"blocks-gallery-item\"><figure><img loading=\"lazy\" width=\"480\" height=\"640\" src=\"http:\/\/www.hjortehaven.dk\/wordpress\/wp-content\/uploads\/s\u00f8lvpilen-rotated.jpg\" alt=\"\" data-id=\"491\" data-full-url=\"http:\/\/www.hjortehaven.dk\/wordpress\/wp-content\/uploads\/s\u00f8lvpilen-rotated.jpg\" data-link=\"http:\/\/www.hjortehaven.dk\/?attachment_id=491\" class=\"wp-image-491\" srcset=\"https:\/\/www.hjortehaven.dk\/wordpress\/wp-content\/uploads\/s\u00f8lvpilen-rotated.jpg 480w, https:\/\/www.hjortehaven.dk\/wordpress\/wp-content\/uploads\/s\u00f8lvpilen-225x300.jpg 225w\" sizes=\"(max-width: 480px) 100vw, 480px\" \/><\/figure><\/li><li class=\"blocks-gallery-item\"><figure><img loading=\"lazy\" width=\"480\" height=\"640\" src=\"http:\/\/www.hjortehaven.dk\/wordpress\/wp-content\/uploads\/spirea-rotated.jpg\" alt=\"\" data-id=\"489\" data-full-url=\"http:\/\/www.hjortehaven.dk\/wordpress\/wp-content\/uploads\/spirea-rotated.jpg\" data-link=\"http:\/\/www.hjortehaven.dk\/?attachment_id=489\" class=\"wp-image-489\" srcset=\"https:\/\/www.hjortehaven.dk\/wordpress\/wp-content\/uploads\/spirea-rotated.jpg 480w, https:\/\/www.hjortehaven.dk\/wordpress\/wp-content\/uploads\/spirea-225x300.jpg 225w\" sizes=\"(max-width: 480px) 100vw, 480px\" \/><\/figure><\/li><li class=\"blocks-gallery-item\"><figure><img loading=\"lazy\" width=\"480\" height=\"640\" src=\"http:\/\/www.hjortehaven.dk\/wordpress\/wp-content\/uploads\/spirea2-rotated.jpg\" alt=\"\" data-id=\"490\" data-full-url=\"http:\/\/www.hjortehaven.dk\/wordpress\/wp-content\/uploads\/spirea2-rotated.jpg\" data-link=\"http:\/\/www.hjortehaven.dk\/?attachment_id=490\" class=\"wp-image-490\" srcset=\"https:\/\/www.hjortehaven.dk\/wordpress\/wp-content\/uploads\/spirea2-rotated.jpg 480w, https:\/\/www.hjortehaven.dk\/wordpress\/wp-content\/uploads\/spirea2-225x300.jpg 225w\" sizes=\"(max-width: 480px) 100vw, 480px\" \/><\/figure><\/li><li class=\"blocks-gallery-item\"><figure><img loading=\"lazy\" width=\"480\" height=\"640\" src=\"http:\/\/www.hjortehaven.dk\/wordpress\/wp-content\/uploads\/efter-Bjarne-samme-side-1-rotated.jpg\" alt=\"\" data-id=\"480\" data-full-url=\"http:\/\/www.hjortehaven.dk\/wordpress\/wp-content\/uploads\/efter-Bjarne-samme-side-1-rotated.jpg\" data-link=\"http:\/\/www.hjortehaven.dk\/?attachment_id=480\" class=\"wp-image-480\" srcset=\"https:\/\/www.hjortehaven.dk\/wordpress\/wp-content\/uploads\/efter-Bjarne-samme-side-1-rotated.jpg 480w, https:\/\/www.hjortehaven.dk\/wordpress\/wp-content\/uploads\/efter-Bjarne-samme-side-1-225x300.jpg 225w\" sizes=\"(max-width: 480px) 100vw, 480px\" \/><\/figure><\/li><li class=\"blocks-gallery-item\"><figure><img loading=\"lazy\" width=\"644\" height=\"1145\" src=\"http:\/\/www.hjortehaven.dk\/wordpress\/wp-content\/uploads\/20191121_105545-644x1145.jpg\" alt=\"\" data-id=\"467\" data-full-url=\"http:\/\/www.hjortehaven.dk\/wordpress\/wp-content\/uploads\/20191121_105545-scaled.jpg\" data-link=\"http:\/\/www.hjortehaven.dk\/?attachment_id=467\" class=\"wp-image-467\" srcset=\"https:\/\/www.hjortehaven.dk\/wordpress\/wp-content\/uploads\/20191121_105545-644x1145.jpg 644w, https:\/\/www.hjortehaven.dk\/wordpress\/wp-content\/uploads\/20191121_105545-169x300.jpg 169w, https:\/\/www.hjortehaven.dk\/wordpress\/wp-content\/uploads\/20191121_105545-864x1536.jpg 864w, https:\/\/www.hjortehaven.dk\/wordpress\/wp-content\/uploads\/20191121_105545-1152x2048.jpg 1152w, https:\/\/www.hjortehaven.dk\/wordpress\/wp-content\/uploads\/20191121_105545-scaled.jpg 1440w\" sizes=\"(max-width: 644px) 100vw, 644px\" \/><\/figure><\/li><li class=\"blocks-gallery-item\"><figure><img loading=\"lazy\" width=\"480\" height=\"640\" src=\"http:\/\/www.hjortehaven.dk\/wordpress\/wp-content\/uploads\/efter-Bjarne-samme-side-rotated.jpg\" alt=\"\" data-id=\"468\" data-full-url=\"http:\/\/www.hjortehaven.dk\/wordpress\/wp-content\/uploads\/efter-Bjarne-samme-side-rotated.jpg\" data-link=\"http:\/\/www.hjortehaven.dk\/?attachment_id=468\" class=\"wp-image-468\" srcset=\"https:\/\/www.hjortehaven.dk\/wordpress\/wp-content\/uploads\/efter-Bjarne-samme-side-rotated.jpg 480w, https:\/\/www.hjortehaven.dk\/wordpress\/wp-content\/uploads\/efter-Bjarne-samme-side-225x300.jpg 225w\" sizes=\"(max-width: 480px) 100vw, 480px\" \/><\/figure><\/li><li class=\"blocks-gallery-item\"><figure><img loading=\"lazy\" width=\"480\" height=\"640\" src=\"http:\/\/www.hjortehaven.dk\/wordpress\/wp-content\/uploads\/Marb\u00e6kvej-rotated.jpg\" alt=\"\" data-id=\"485\" data-full-url=\"http:\/\/www.hjortehaven.dk\/wordpress\/wp-content\/uploads\/Marb\u00e6kvej-rotated.jpg\" data-link=\"http:\/\/www.hjortehaven.dk\/?attachment_id=485\" class=\"wp-image-485\" srcset=\"https:\/\/www.hjortehaven.dk\/wordpress\/wp-content\/uploads\/Marb\u00e6kvej-rotated.jpg 480w, https:\/\/www.hjortehaven.dk\/wordpress\/wp-content\/uploads\/Marb\u00e6kvej-225x300.jpg 225w\" sizes=\"(max-width: 480px) 100vw, 480px\" \/><\/figure><\/li><li class=\"blocks-gallery-item\"><figure><img loading=\"lazy\" width=\"480\" height=\"640\" src=\"http:\/\/www.hjortehaven.dk\/wordpress\/wp-content\/uploads\/kirseb\u00e6r-os-rotated.jpg\" alt=\"\" data-id=\"482\" data-full-url=\"http:\/\/www.hjortehaven.dk\/wordpress\/wp-content\/uploads\/kirseb\u00e6r-os-rotated.jpg\" data-link=\"http:\/\/www.hjortehaven.dk\/?attachment_id=482\" class=\"wp-image-482\" srcset=\"https:\/\/www.hjortehaven.dk\/wordpress\/wp-content\/uploads\/kirseb\u00e6r-os-rotated.jpg 480w, https:\/\/www.hjortehaven.dk\/wordpress\/wp-content\/uploads\/kirseb\u00e6r-os-225x300.jpg 225w\" sizes=\"(max-width: 480px) 100vw, 480px\" \/><\/figure><\/li><li class=\"blocks-gallery-item\"><figure><img loading=\"lazy\" width=\"644\" height=\"1145\" src=\"http:\/\/www.hjortehaven.dk\/wordpress\/wp-content\/uploads\/20191121_105510-644x1145.jpg\" alt=\"\" data-id=\"476\" data-full-url=\"http:\/\/www.hjortehaven.dk\/wordpress\/wp-content\/uploads\/20191121_105510-scaled.jpg\" data-link=\"http:\/\/www.hjortehaven.dk\/?attachment_id=476\" class=\"wp-image-476\" srcset=\"https:\/\/www.hjortehaven.dk\/wordpress\/wp-content\/uploads\/20191121_105510-644x1145.jpg 644w, https:\/\/www.hjortehaven.dk\/wordpress\/wp-content\/uploads\/20191121_105510-169x300.jpg 169w, https:\/\/www.hjortehaven.dk\/wordpress\/wp-content\/uploads\/20191121_105510-864x1536.jpg 864w, https:\/\/www.hjortehaven.dk\/wordpress\/wp-content\/uploads\/20191121_105510-1152x2048.jpg 1152w, https:\/\/www.hjortehaven.dk\/wordpress\/wp-content\/uploads\/20191121_105510-scaled.jpg 1440w\" sizes=\"(max-width: 644px) 100vw, 644px\" \/><\/figure><\/li><li class=\"blocks-gallery-item\"><figure><img loading=\"lazy\" width=\"644\" height=\"483\" src=\"http:\/\/www.hjortehaven.dk\/wordpress\/wp-content\/uploads\/elever-i-gang-gilbert-644x483.jpeg\" alt=\"\" data-id=\"481\" data-full-url=\"http:\/\/www.hjortehaven.dk\/wordpress\/wp-content\/uploads\/elever-i-gang-gilbert.jpeg\" data-link=\"http:\/\/www.hjortehaven.dk\/?attachment_id=481\" class=\"wp-image-481\" srcset=\"https:\/\/www.hjortehaven.dk\/wordpress\/wp-content\/uploads\/elever-i-gang-gilbert-644x483.jpeg 644w, https:\/\/www.hjortehaven.dk\/wordpress\/wp-content\/uploads\/elever-i-gang-gilbert-300x225.jpeg 300w, https:\/\/www.hjortehaven.dk\/wordpress\/wp-content\/uploads\/elever-i-gang-gilbert.jpeg 960w\" sizes=\"(max-width: 644px) 100vw, 644px\" \/><\/figure><\/li><\/ul><\/figure>\n","protected":false},"excerpt":{"rendered":"<p>I november 2019 fik vi sat 200 nye planter \u2013 sammen med 1500 krokus i forskellige farver . Denne genbeplantning \u201daf rosenomr\u00e5derne\u201d var en beslutning fra sidste generalforsamling, hvor der ogs\u00e5 blev nedsat et lille udvalg, der skulle f\u00f8re projektet til d\u00f8rs. Under kyndig vejledning af gartner og grundejermedlem Bjarne Hansen fik vi valgt de&#8230;<\/p>\n","protected":false},"author":1,"featured_media":0,"parent":0,"menu_order":0,"comment_status":"closed","ping_status":"closed","template":"page_fullwidth.php","meta":[],"_links":{"self":[{"href":"https:\/\/www.hjortehaven.dk\/index.php?rest_route=\/wp\/v2\/pages\/562"}],"collection":[{"href":"https:\/\/www.hjortehaven.dk\/index.php?rest_route=\/wp\/v2\/pages"}],"about":[{"href":"https:\/\/www.hjortehaven.dk\/index.php?rest_route=\/wp\/v2\/types\/page"}],"author":[{"embeddable":true,"href":"https:\/\/www.hjortehaven.dk\/index.php?rest_route=\/wp\/v2\/users\/1"}],"replies":[{"embeddable":true,"href":"https:\/\/www.hjortehaven.dk\/index.php?rest_route=%2Fwp%2Fv2%2Fcomments&post=562"}],"version-history":[{"count":11,"href":"https:\/\/www.hjortehaven.dk\/index.php?rest_route=\/wp\/v2\/pages\/562\/revisions"}],"predecessor-version":[{"id":582,"href":"https:\/\/www.hjortehaven.dk\/index.php?rest_route=\/wp\/v2\/pages\/562\/revisions\/582"}],"wp:attachment":[{"href":"https:\/\/www.hjortehaven.dk\/index.php?rest_route=%2Fwp%2Fv2%2Fmedia&parent=562"}],"curies":[{"name":"wp","href":"https:\/\/api.w.org\/{rel}","templated":true}]}}