{"id":18,"date":"2016-02-16T22:01:58","date_gmt":"2016-02-16T21:01:58","guid":{"rendered":"http:\/\/hjortehaven.dk\/wordpress\/?page_id=18"},"modified":"2024-02-03T17:05:30","modified_gmt":"2024-02-03T16:05:30","slug":"velkommen-til-gf-hjortehaven","status":"publish","type":"page","link":"https:\/\/www.hjortehaven.dk\/","title":{"rendered":"Velkommen til GF Hjortehaven"},"content":{"rendered":"<div id=\"pl-18\"  class=\"panel-layout\" ><div id=\"pg-18-0\"  class=\"panel-grid panel-no-style\" ><div id=\"pgc-18-0-0\"  class=\"panel-grid-cell\" ><div id=\"panel-18-0-0-0\" class=\"so-panel widget widget_sow-editor panel-first-child panel-last-child\" data-index=\"0\" ><div\n\t\t\t\n\t\t\tclass=\"so-widget-sow-editor so-widget-sow-editor-base\"\n\t\t\t\n\t\t>\n<div class=\"siteorigin-widget-tinymce textwidget\">\n\t<p>Grundejerforeningen Hjortehaven best\u00e5r af 138 parceller - hovedsageligt enkeltst\u00e5ende huse samt nogle f\u00e5 r\u00e6kke- og dobbelthuse, og ligger i den syd\u00f8stlige del Skibby. Omr\u00e5det ligger i natursk\u00f8nne omgivelser, som st\u00f8der op til <a href=\"https:\/\/skjoldungerne.culturerun.dk\/maps.html\" target=\"_blank\" rel=\"noopener\">Nationalparken Skjoldungernes land<\/a> og foreningens stisystemer forbinder direkte til Marb\u00e6kskolen, Sels\u00f8 og Roskilde fjord.<br \/>\nDet s\u00e6rlige kendetegn for udstykningen er de 30.000 kvadratmeter gr\u00f8nne f\u00e6llesarealer med stisystemer og beplantning. Tilbage i 1990 blev der udplantet flere tusinde planter, og disse er lige siden hovedsaligt vedligeholdt af foreningens egne medlemmer p\u00e5 udvalgte hakkedage. Midt i mellem tr\u00e6er og buske ligger en dejlig stor legeplads, og skulle man have lyst til dyst i petanque, s\u00e5 er der anlagt to petanquebaner til form\u00e5let.<br \/>\nHjortehaven giver dermed mulighed for socialt samv\u00e6r via en f\u00e6lles interesse for disse f\u00e6llesarealer.<\/p>\n<p>P\u00e5 gensyn i det gr\u00f8nne<\/p>\n<p><img loading=\"lazy\" class=\"alignleft  wp-image-260\" src=\"http:\/\/www.hjortehaven.dk\/wordpress\/wp-content\/uploads\/Front.jpg\" alt=\"Front\" width=\"243\" height=\"116\" \/><\/p>\n<p>Skibby er den fjerdest\u00f8rste by i Frederikssund Kommune med ca. 3.100 indbyggere.<br \/>\nByen ligger ca. 15 km sydvest for Frederikssund i den sydlige del af\u00a0Hornsherred, og er den n\u00e6stst\u00f8rste handelsby i Frederikssund Kommune<\/p>\n<\/div>\n<\/div><\/div><\/div><div id=\"pgc-18-0-1\"  class=\"panel-grid-cell\" ><div id=\"panel-18-0-1-0\" class=\"so-panel widget widget_ai1ec_agenda_widget panel-first-child\" data-index=\"1\" >\n\n\t<h3 class=\"widget-title\">Kommende begivenheder<\/h3>\n\n<style>\n<!--\n\n-->\n<\/style>\n<div class=\"timely ai1ec-agenda-widget-view ai1ec-clearfix\">\n\n\t\t\t<div>\n\t\t\t\t\t\t\t\t\t\t\t\t\t<div class=\"ai1ec-date\n\t\t\t\t\t\">\n\t\t\t\t\t<a class=\"ai1ec-date-title ai1ec-load-view\"\n\t\t\t\t\t\thref=\"https&#x3A;&#x2F;&#x2F;www.hjortehaven.dk&#x2F;&#x3F;page_id&#x3D;267&amp;ai1ec&#x3D;action&#x7E;oneday&#x7C;exact_date&#x7E;23-5-2026\">\n\t\t\t\t\t\t<div class=\"ai1ec-month\">maj<\/div>\n\t\t\t\t\t\t<div class=\"ai1ec-day\">23<\/div>\n\t\t\t\t\t\t<div class=\"ai1ec-weekday\">l\u00f8r<\/div>\n\t\t\t\t\t\t\t\t\t\t\t<\/a>\n\t\t\t\t\t<div class=\"ai1ec-date-events\">\n\t\t\t\t\t\t\t\t\t\t\t\t\t \t\t\t\t\t\t\t\t\t\t\t\t\t\t\t\t\t\t\t\t\t<div class=\"ai1ec-event\n\t\t\t\t\t\t\t\t\tai1ec-event-id-966\n\t\t\t\t\t\t\t\t\tai1ec-event-instance-id-135\n\t\t\t\t\t\t\t\t\t\">\n\n\t\t\t\t\t\t\t\t\t<a href=\"https&#x3A;&#x2F;&#x2F;www.hjortehaven.dk&#x2F;&#x3F;ai1ec_event&#x3D;3-arbejdsdag-10&amp;instance_id&#x3D;135\"\n\t\t\t\t\t\t\t\t\t\tclass=\"ai1ec-popup-trigger ai1ec-load-event\">\n\t\t\t\t\t\t\t\t\t\t\t\t\t\t\t\t\t\t\t\t\t<span class=\"ai1ec-event-time\">\n\t\t\t\t\t\t\t\t\t\t\t\t9:00\n\t\t\t\t\t\t\t\t\t\t\t<\/span>\n\t\t\t\t\t\t\t\t\t\t\n\t\t\t\t\t\t\t\t\t\t<span class=\"ai1ec-event-title\">\n\t\t\t\t\t\t\t\t\t\t\t3. Arbejdsdag\n\t\t\t\t\t\t\t\t\t\t\t\t\t\t\t\t\t\t\t\t\t<\/span>\n\t\t\t\t\t\t\t\t\t<\/a>\n\n\t\t\t\t\t\t\t\t\t<div class=\"ai1ec-popover ai1ec-popup \n\tai1ec-event-instance-id-135\">\n\n\t\t\n\t<span class=\"ai1ec-popup-title\">\n\t\t<a href=\"https&#x3A;&#x2F;&#x2F;www.hjortehaven.dk&#x2F;&#x3F;ai1ec_event&#x3D;3-arbejdsdag-10&amp;instance_id&#x3D;135\"\n\t\t   class=\"ai1ec-load-event\"\n\t\t\t>3. Arbejdsdag<\/a>\n\t\t\t\t\t<\/span>\n\n\t\n\t<div class=\"ai1ec-event-time\">\n\t\t\t\t\tmaj 23 kl. 9:00 \u2013 12:00\n\t\t\t<\/div>\n\n\t\n\t\t\t<div class=\"ai1ec-popup-excerpt\">Vi m\u00f8des i skuret ved petanquebane og slutter med grill Arbejdet best\u00e5r bl.a. i at fjerne ukrudt, besk\u00e6ring, f\u00e6ldning, vedligeholde legeplads og petanquebane samt oprydning. Det er vigtigt at mange m\u00f8der op og der er...<\/div>\n\t\n<\/div>\n\n\t\t\t\t\t\t\t\t<\/div>\n\t\t\t\t\t\t\t \t\t\t\t\t\t \t\t\t\t\t<\/div>\n\t\t\t\t<\/div>\n\t\t\t\t\t\t\t<div class=\"ai1ec-date\n\t\t\t\t\t\">\n\t\t\t\t\t<a class=\"ai1ec-date-title ai1ec-load-view\"\n\t\t\t\t\t\thref=\"https&#x3A;&#x2F;&#x2F;www.hjortehaven.dk&#x2F;&#x3F;page_id&#x3D;267&amp;ai1ec&#x3D;action&#x7E;oneday&#x7C;exact_date&#x7E;20-6-2026\">\n\t\t\t\t\t\t<div class=\"ai1ec-month\">jun<\/div>\n\t\t\t\t\t\t<div class=\"ai1ec-day\">20<\/div>\n\t\t\t\t\t\t<div class=\"ai1ec-weekday\">l\u00f8r<\/div>\n\t\t\t\t\t\t\t\t\t\t\t<\/a>\n\t\t\t\t\t<div class=\"ai1ec-date-events\">\n\t\t\t\t\t\t\t\t\t\t\t\t\t \t\t\t\t\t\t\t\t\t\t\t\t\t\t\t\t\t\t\t\t\t<div class=\"ai1ec-event\n\t\t\t\t\t\t\t\t\tai1ec-event-id-969\n\t\t\t\t\t\t\t\t\tai1ec-event-instance-id-136\n\t\t\t\t\t\t\t\t\t\">\n\n\t\t\t\t\t\t\t\t\t<a href=\"https&#x3A;&#x2F;&#x2F;www.hjortehaven.dk&#x2F;&#x3F;ai1ec_event&#x3D;3-arbejdsdag-11&amp;instance_id&#x3D;136\"\n\t\t\t\t\t\t\t\t\t\tclass=\"ai1ec-popup-trigger ai1ec-load-event\">\n\t\t\t\t\t\t\t\t\t\t\t\t\t\t\t\t\t\t\t\t\t<span class=\"ai1ec-event-time\">\n\t\t\t\t\t\t\t\t\t\t\t\t9:00\n\t\t\t\t\t\t\t\t\t\t\t<\/span>\n\t\t\t\t\t\t\t\t\t\t\n\t\t\t\t\t\t\t\t\t\t<span class=\"ai1ec-event-title\">\n\t\t\t\t\t\t\t\t\t\t\t3. Arbejdsdag\n\t\t\t\t\t\t\t\t\t\t\t\t\t\t\t\t\t\t\t\t\t<\/span>\n\t\t\t\t\t\t\t\t\t<\/a>\n\n\t\t\t\t\t\t\t\t\t<div class=\"ai1ec-popover ai1ec-popup \n\tai1ec-event-instance-id-136\">\n\n\t\t\n\t<span class=\"ai1ec-popup-title\">\n\t\t<a href=\"https&#x3A;&#x2F;&#x2F;www.hjortehaven.dk&#x2F;&#x3F;ai1ec_event&#x3D;3-arbejdsdag-11&amp;instance_id&#x3D;136\"\n\t\t   class=\"ai1ec-load-event\"\n\t\t\t>3. Arbejdsdag<\/a>\n\t\t\t\t\t<\/span>\n\n\t\n\t<div class=\"ai1ec-event-time\">\n\t\t\t\t\tjun 20 kl. 9:00 \u2013 12:00\n\t\t\t<\/div>\n\n\t\n\t\t\t<div class=\"ai1ec-popup-excerpt\">Vi m\u00f8des i skuret ved petanquebane og slutter med grill Arbejdet best\u00e5r bl.a. i at fjerne ukrudt, besk\u00e6ring, f\u00e6ldning, vedligeholde legeplads og petanquebane samt oprydning. Det er vigtigt at mange m\u00f8der op og der er...<\/div>\n\t\n<\/div>\n\n\t\t\t\t\t\t\t\t<\/div>\n\t\t\t\t\t\t\t \t\t\t\t\t\t \t\t\t\t\t<\/div>\n\t\t\t\t<\/div>\n\t\t\t\t\t\t\t<div class=\"ai1ec-date\n\t\t\t\t\t\">\n\t\t\t\t\t<a class=\"ai1ec-date-title ai1ec-load-view\"\n\t\t\t\t\t\thref=\"https&#x3A;&#x2F;&#x2F;www.hjortehaven.dk&#x2F;&#x3F;page_id&#x3D;267&amp;ai1ec&#x3D;action&#x7E;oneday&#x7C;exact_date&#x7E;8-8-2026\">\n\t\t\t\t\t\t<div class=\"ai1ec-month\">aug<\/div>\n\t\t\t\t\t\t<div class=\"ai1ec-day\">8<\/div>\n\t\t\t\t\t\t<div class=\"ai1ec-weekday\">l\u00f8r<\/div>\n\t\t\t\t\t\t\t\t\t\t\t<\/a>\n\t\t\t\t\t<div class=\"ai1ec-date-events\">\n\t\t\t\t\t\t\t\t\t\t\t\t\t \t\t\t\t\t\t\t\t\t\t\t\t\t\t\t\t\t\t\t\t\t<div class=\"ai1ec-event\n\t\t\t\t\t\t\t\t\tai1ec-event-id-970\n\t\t\t\t\t\t\t\t\tai1ec-event-instance-id-137\n\t\t\t\t\t\t\t\t\t\">\n\n\t\t\t\t\t\t\t\t\t<a href=\"https&#x3A;&#x2F;&#x2F;www.hjortehaven.dk&#x2F;&#x3F;ai1ec_event&#x3D;5-arbejdsdag-10&amp;instance_id&#x3D;137\"\n\t\t\t\t\t\t\t\t\t\tclass=\"ai1ec-popup-trigger ai1ec-load-event\">\n\t\t\t\t\t\t\t\t\t\t\t\t\t\t\t\t\t\t\t\t\t<span class=\"ai1ec-event-time\">\n\t\t\t\t\t\t\t\t\t\t\t\t9:00\n\t\t\t\t\t\t\t\t\t\t\t<\/span>\n\t\t\t\t\t\t\t\t\t\t\n\t\t\t\t\t\t\t\t\t\t<span class=\"ai1ec-event-title\">\n\t\t\t\t\t\t\t\t\t\t\t5. Arbejdsdag\n\t\t\t\t\t\t\t\t\t\t\t\t\t\t\t\t\t\t\t\t\t<\/span>\n\t\t\t\t\t\t\t\t\t<\/a>\n\n\t\t\t\t\t\t\t\t\t<div class=\"ai1ec-popover ai1ec-popup \n\tai1ec-event-instance-id-137\">\n\n\t\t\n\t<span class=\"ai1ec-popup-title\">\n\t\t<a href=\"https&#x3A;&#x2F;&#x2F;www.hjortehaven.dk&#x2F;&#x3F;ai1ec_event&#x3D;5-arbejdsdag-10&amp;instance_id&#x3D;137\"\n\t\t   class=\"ai1ec-load-event\"\n\t\t\t>5. Arbejdsdag<\/a>\n\t\t\t\t\t<\/span>\n\n\t\n\t<div class=\"ai1ec-event-time\">\n\t\t\t\t\taug 8 kl. 9:00 \u2013 12:00\n\t\t\t<\/div>\n\n\t\n\t\t\t<div class=\"ai1ec-popup-excerpt\">Vi m\u00f8des i skuret ved petanquebane og slutter med grill Arbejdet best\u00e5r bl.a. i at fjerne ukrudt, besk\u00e6ring, f\u00e6ldning, vedligeholde legeplads og petanquebane samt oprydning. Det er vigtigt at mange m\u00f8der op og der er...<\/div>\n\t\n<\/div>\n\n\t\t\t\t\t\t\t\t<\/div>\n\t\t\t\t\t\t\t \t\t\t\t\t\t \t\t\t\t\t<\/div>\n\t\t\t\t<\/div>\n\t\t\t \t\t<\/div>\n\t \n\t\t\t<div class=\"ai1ec-subscribe-buttons-widget\">\n\t\t\t\t\t\t\t<a class=\"ai1ec-btn ai1ec-btn-default ai1ec-btn-xs ai1ec-pull-right\n\t\t\t\t\tai1ec-calendar-link\"\n\t\t\t\t\thref=\"https&#x3A;&#x2F;&#x2F;www.hjortehaven.dk&#x2F;&#x3F;page_id&#x3D;267&amp;ai1ec&#x3D;\">\n\t\t\t\t\tVis kalender\n\t\t\t\t\t<i class=\"ai1ec-fa ai1ec-fa-arrow-right\"><\/i>\n\t\t\t\t<\/a>\n\t\t\t\n\t\t\t\t\t\t\t<div class=\"ai1ec-subscribe-dropdown ai1ec-dropdown ai1ec-btn\n\tai1ec-btn-default ai1ec-btn-xs\">\n\t<span role=\"button\" class=\"ai1ec-dropdown-toggle ai1ec-subscribe\"\n\t\t\tdata-toggle=\"ai1ec-dropdown\">\n\t\t<i class=\"ai1ec-fa ai1ec-icon-rss ai1ec-fa-lg ai1ec-fa-fw\"><\/i>\n\t\t<span class=\"ai1ec-hidden-xs\">\n\t\t\t\t\t\t\tTilf\u00f8j\n\t\t\t\t\t\t<span class=\"ai1ec-caret\"><\/span>\n\t\t<\/span>\n\t<\/span>\n\t\t\t<ul class=\"ai1ec-dropdown-menu ai1ec-pull-left\" role=\"menu\">\n\t\t<li>\n\t\t\t<a class=\"ai1ec-tooltip-trigger ai1ec-tooltip-auto\" target=\"_blank\"\n\t\t\t\tdata-placement=\"right\" title=\"Kopier denne webadresse (URL) til din egen Timely kalender eller klik for at tilf\u00f8je i din RTF kalender.\"\n\t\t\t\thref=\"http&#x3A;&#x2F;&#x2F;www.hjortehaven.dk&#x2F;&#x3F;plugin&#x3D;all-in-one-event-calendar&amp;controller&#x3D;ai1ec_exporter_controller&amp;action&#x3D;export_events\">\n\t\t\t\t<i class=\"ai1ec-fa ai1ec-fa-lg ai1ec-fa-fw ai1ec-icon-timely\"><\/i>\n\t\t\t\tTilf\u00f8j i Timely kalender\n\t\t\t<\/a>\n\t\t<\/li>\n\t\t<li>\n\t\t\t<a class=\"ai1ec-tooltip-trigger ai1ec-tooltip-auto\" target=\"_blank\"\n\t\t\t  data-placement=\"right\" title=\"Abonner p\u00e5 denne kalender i Google kalender\"\n\t\t\t  href=\"https:\/\/www.google.com\/calendar\/render?cid=http&#x25;3A&#x25;2F&#x25;2Fwww.hjortehaven.dk&#x25;2F&#x25;3Fplugin&#x25;3Dall-in-one-event-calendar&#x25;26controller&#x25;3Dai1ec_exporter_controller&#x25;26action&#x25;3Dexport_events&#x25;26no_html&#x25;3Dtrue&#x25;26&#x25;26\">\n\t\t\t\t<i class=\"ai1ec-fa ai1ec-icon-google ai1ec-fa-lg ai1ec-fa-fw\"><\/i>\n\t\t\t\tTilf\u00f8j i Google\n\t\t\t<\/a>\n\t\t<\/li>\n\t\t<li>\n\t\t\t<a class=\"ai1ec-tooltip-trigger ai1ec-tooltip-auto\" target=\"_blank\"\n\t\t\t  data-placement=\"right\" title=\"Abonner p\u00e5 denne kalender i MS Outlook\"\n\t\t\t  href=\"webcal&#x3A;&#x2F;&#x2F;www.hjortehaven.dk&#x2F;&#x3F;plugin&#x3D;all-in-one-event-calendar&amp;controller&#x3D;ai1ec_exporter_controller&amp;action&#x3D;export_events&amp;no_html&#x3D;true\">\n\t\t\t\t<i class=\"ai1ec-fa ai1ec-icon-windows ai1ec-fa-lg ai1ec-fa-fw\"><\/i>\n\t\t\t\tTilf\u00f8j i Outlook\n\t\t\t<\/a>\n\t\t<\/li>\n\t\t<li>\n\t\t\t<a class=\"ai1ec-tooltip-trigger ai1ec-tooltip-auto\" target=\"_blank\"\n\t\t\t  data-placement=\"right\" title=\"Abonner p\u00e5 denne kalender i Apple kalender\/iCal\"\n\t\t\t  href=\"webcal&#x3A;&#x2F;&#x2F;www.hjortehaven.dk&#x2F;&#x3F;plugin&#x3D;all-in-one-event-calendar&amp;controller&#x3D;ai1ec_exporter_controller&amp;action&#x3D;export_events&amp;no_html&#x3D;true\">\n\t\t\t\t<i class=\"ai1ec-fa ai1ec-icon-apple ai1ec-fa-lg ai1ec-fa-fw\"><\/i>\n\t\t\t\tTilf\u00f8j i Apple kalender\n\t\t\t<\/a>\n\t\t<\/li>\n\t\t<li>\n\t\t\t\t\t\t<a class=\"ai1ec-tooltip-trigger ai1ec-tooltip-auto\"\n\t\t\t  data-placement=\"right\" title=\"Abonner p\u00e5 denne kalender i en anden ren-tekst kalender\"\n\t\t\t  href=\"http&#x3A;&#x2F;&#x2F;www.hjortehaven.dk&#x2F;&#x3F;plugin&#x3D;all-in-one-event-calendar&amp;controller&#x3D;ai1ec_exporter_controller&amp;action&#x3D;export_events&amp;no_html&#x3D;true\">\n\t\t\t\t<i class=\"ai1ec-fa ai1ec-icon-calendar ai1ec-fa-fw\"><\/i>\n\t\t\t\tTilf\u00f8j i anden kalender\n\t\t\t<\/a>\n\t\t<\/li>\n\t\t<li>\n\t\t\t<a class=\"ai1ec-tooltip-trigger ai1ec-tooltip-auto\"\n\t\t\t  data-placement=\"right\" title=\"\"\n\t\t\t  href=\"http&#x3A;&#x2F;&#x2F;www.hjortehaven.dk&#x2F;&#x3F;plugin&#x3D;all-in-one-event-calendar&amp;controller&#x3D;ai1ec_exporter_controller&amp;action&#x3D;export_events&xml=true\">\n\t\t\t\t<i class=\"ai1ec-fa ai1ec-fa-file-text ai1ec-fa-lg ai1ec-fa-fw\"><\/i>\n\t\t\t\tEksporter til XML\n\t\t\t<\/a>\n\t\t<\/li>\n\t<\/ul>\n<\/div>\n\n\t\t\t\t\t<\/div>\n\t \n<\/div>\n\n\n\n<\/div><div id=\"panel-18-0-1-1\" class=\"so-panel widget widget_media_image panel-last-child\" data-index=\"2\" ><h3 class=\"widget-title\">Hjertestarteren p\u00e5 garagen Sikavej 54<\/h3><img width=\"644\" height=\"362\" src=\"https:\/\/www.hjortehaven.dk\/wordpress\/wp-content\/uploads\/20210710_170026-644x362.jpg\" class=\"image wp-image-704  attachment-large size-large\" alt=\"\" loading=\"lazy\" style=\"max-width: 100%; height: auto;\" title=\"Hjertestarteren p\u00e5 garagen Sikavej 54\" srcset=\"https:\/\/www.hjortehaven.dk\/wordpress\/wp-content\/uploads\/20210710_170026-644x362.jpg 644w, https:\/\/www.hjortehaven.dk\/wordpress\/wp-content\/uploads\/20210710_170026-300x169.jpg 300w, https:\/\/www.hjortehaven.dk\/wordpress\/wp-content\/uploads\/20210710_170026-1536x864.jpg 1536w, https:\/\/www.hjortehaven.dk\/wordpress\/wp-content\/uploads\/20210710_170026-2048x1152.jpg 2048w\" sizes=\"(max-width: 644px) 100vw, 644px\" \/><\/div><\/div><\/div><\/div>","protected":false},"excerpt":{"rendered":"<p>Grundejerforeningen Hjortehaven best\u00e5r af 138 parceller &#8211; hovedsageligt enkeltst\u00e5ende huse samt nogle f\u00e5 r\u00e6kke- og dobbelthuse, og ligger i den syd\u00f8stlige del Skibby. Omr\u00e5det ligger i natursk\u00f8nne omgivelser, som st\u00f8der op til Nationalparken Skjoldungernes land og foreningens stisystemer forbinder direkte til Marb\u00e6kskolen, Sels\u00f8 og Roskilde fjord. Det s\u00e6rlige kendetegn for udstykningen er de 30.000 kvadratmeter&#8230;<\/p>\n","protected":false},"author":1,"featured_media":0,"parent":0,"menu_order":0,"comment_status":"closed","ping_status":"closed","template":"page_fullwidth.php","meta":[],"_links":{"self":[{"href":"https:\/\/www.hjortehaven.dk\/index.php?rest_route=\/wp\/v2\/pages\/18"}],"collection":[{"href":"https:\/\/www.hjortehaven.dk\/index.php?rest_route=\/wp\/v2\/pages"}],"about":[{"href":"https:\/\/www.hjortehaven.dk\/index.php?rest_route=\/wp\/v2\/types\/page"}],"author":[{"embeddable":true,"href":"https:\/\/www.hjortehaven.dk\/index.php?rest_route=\/wp\/v2\/users\/1"}],"replies":[{"embeddable":true,"href":"https:\/\/www.hjortehaven.dk\/index.php?rest_route=%2Fwp%2Fv2%2Fcomments&post=18"}],"version-history":[{"count":25,"href":"https:\/\/www.hjortehaven.dk\/index.php?rest_route=\/wp\/v2\/pages\/18\/revisions"}],"predecessor-version":[{"id":815,"href":"https:\/\/www.hjortehaven.dk\/index.php?rest_route=\/wp\/v2\/pages\/18\/revisions\/815"}],"wp:attachment":[{"href":"https:\/\/www.hjortehaven.dk\/index.php?rest_route=%2Fwp%2Fv2%2Fmedia&parent=18"}],"curies":[{"name":"wp","href":"https:\/\/api.w.org\/{rel}","templated":true}]}}